{"id":557,"date":"2024-10-24T16:42:09","date_gmt":"2024-10-24T14:42:09","guid":{"rendered":"https:\/\/www.gmpcapital.tn\/actualites\/"},"modified":"2024-12-18T13:25:13","modified_gmt":"2024-12-18T12:25:13","slug":"news","status":"publish","type":"page","link":"https:\/\/www.gmpcapital.tn\/en\/news\/","title":{"rendered":"News"},"content":{"rendered":"<div class=\"wpb-content-wrapper\"><p>[vc_row el_class=&#8221;blog_section&#8221; css=&#8221;.vc_custom_1730797886936{padding-top: 0px !important;}&#8221;][vc_column][vc_column_text css_animation=&#8221;slideInUp&#8221; el_class=&#8221;h2_line center&#8221;]<\/p>\n<h2><span class=\"line\">News and Updates<\/span><\/h2>\n<p>[\/vc_column_text]<div id=\"cz_89754\" class=\"cz_89754\"><div class=\"cz_grid cz_grid_posts cz_grid_1 clr cz_grid_c3 cz_grid_1_title_sub_after cz_grid_1_bot tal\" data-gap=\"32\" data-atts='{\"action\":\"cz_ajax_posts\",\"post_class\":\"cz_grid_item\",\"post__in\":null,\"author__in\":null,\"nonce\":\"1b116a7445\",\"nonce_id\":\"cz_89754\",\"loadmore_end\":\"Not found more posts\",\"layout\":\"cz_grid_c3\",\"hover\":\"cz_grid_1_title_sub_after\",\"image_size\":\"codevz_600_600\",\"subtitles\":\"%5B%5D\",\"subtitle_pos\":\"\",\"icon\":\"fa fa-search\",\"el\":\"\",\"title_lenght\":\"\",\"cat_tax\":\"category\",\"cat\":\"\",\"cat_exclude\":\"\",\"tag_tax\":\"post_tag\",\"tag_id\":\"\",\"tag_exclude\":\"\",\"post_type\":\"post\",\"posts_per_page\":\"50\",\"order\":\"DESC\",\"orderby\":\"date\",\"tilt_data\":null,\"svg_sizes\":[\"600\",\"600\"],\"img_fx\":\"cz_grid_zoom_in\",\"custom_size\":\"\",\"excerpt_rm\":false,\"title_tag\":\"h3\",\"s\":\"\"}'><div class=\"cz_grid_item cz_grid_first\"><\/div><div data-id=\"959\" class=\"cz_grid_item  cz_posts_list_even 959 post-959 post type-post status-publish format-standard has-post-thumbnail hentry category-news\"><div class=\"clr\"><a class=\"cz_grid_link cz_grid_zoom_in\" href=\"https:\/\/www.gmpcapital.tn\/en\/capital-investissement-rebond-de-37-des-transactions-realisees-dans-le-monde-en-2024\/\" title=\"Capital investissement : Rebond de 37 pourcent des transactions r\u00e9alis\u00e9es dans le monde en 2024\"><img decoding=\"async\" width=\"600\" height=\"341\" src=\"https:\/\/www.gmpcapital.tn\/wp-content\/uploads\/2025\/03\/ImageNewsGet.jpg\" class=\"attachment-codevz_600_600\" alt=\"ImageNewsGet\" srcset=\"https:\/\/www.gmpcapital.tn\/wp-content\/uploads\/2025\/03\/ImageNewsGet.jpg 600w, https:\/\/www.gmpcapital.tn\/wp-content\/uploads\/2025\/03\/ImageNewsGet-300x171.jpg 300w\" sizes=\"auto, (max-width: 600px) 100vw, 600px\" loading=\"lazy\" \/><div class=\"cz_grid_details\"><i class=\"fa fa-search cz_grid_icon\"><\/i><\/div><\/a><div class=\"cz_grid_details cz_grid_details_outside\"><a class=\"cz_grid_title\" href=\"https:\/\/www.gmpcapital.tn\/en\/capital-investissement-rebond-de-37-des-transactions-realisees-dans-le-monde-en-2024\/\"><h3 class=\"cz_grid_post_title\">Capital investissement : Rebond de 37 pourcent des transactions r\u00e9alis\u00e9es dans le monde en 2024<\/h3><\/a><\/div><\/div><\/div><div data-id=\"910\" class=\"cz_grid_item  cz_posts_list_odd 910 post-910 post type-post status-publish format-standard has-post-thumbnail hentry category-news\"><div class=\"clr\"><a class=\"cz_grid_link cz_grid_zoom_in\" href=\"https:\/\/www.gmpcapital.tn\/en\/ua-creation-agence-notation-financiere\/\" title=\"L\u2019UA annonce la cr\u00e9ation d\u2019une agence de notation financi\u00e8re\"><img decoding=\"async\" width=\"600\" height=\"464\" src=\"https:\/\/www.gmpcapital.tn\/wp-content\/uploads\/2025\/02\/UA-2-1024x464-1-600x464.jpg\" class=\"attachment-codevz_600_600\" alt=\"UA 2 1024x464\" title=\"UA-2-1024x464\" loading=\"lazy\" \/><div class=\"cz_grid_details\"><i class=\"fa fa-search cz_grid_icon\"><\/i><\/div><\/a><div class=\"cz_grid_details cz_grid_details_outside\"><a class=\"cz_grid_title\" href=\"https:\/\/www.gmpcapital.tn\/en\/ua-creation-agence-notation-financiere\/\"><h3 class=\"cz_grid_post_title\">L\u2019UA annonce la cr\u00e9ation d\u2019une agence de notation financi\u00e8re<\/h3><\/a><\/div><\/div><\/div><div data-id=\"912\" class=\"cz_grid_item  cz_posts_list_even 912 post-912 post type-post status-publish format-standard has-post-thumbnail hentry category-news\"><div class=\"clr\"><a class=\"cz_grid_link cz_grid_zoom_in\" href=\"https:\/\/www.gmpcapital.tn\/en\/banque-africaine-developpement-rapport-croissance-economique-afrique\/\" title=\"La Banque africaine de d\u00e9veloppement pr\u00e9sente un nouveau rapport qui met en lumi\u00e8re le renforcement de la croissance \u00e9conomique de l&#8217;Afrique dans un contexte mondial incertain\"><img decoding=\"async\" width=\"600\" height=\"535\" src=\"https:\/\/www.gmpcapital.tn\/wp-content\/uploads\/2025\/02\/a1-meo-launch-panel_fr-600x535.webp\" class=\"attachment-codevz_600_600\" alt=\"A1 meo launch panel fr\" title=\"a1-meo-launch-panel_fr\" srcset=\"https:\/\/www.gmpcapital.tn\/wp-content\/uploads\/2025\/02\/a1-meo-launch-panel_fr-600x535.webp 600w, https:\/\/www.gmpcapital.tn\/wp-content\/uploads\/2025\/02\/a1-meo-launch-panel_fr-360x320.webp 360w\" sizes=\"auto, (max-width: 600px) 100vw, 600px\" loading=\"lazy\" \/><div class=\"cz_grid_details\"><i class=\"fa fa-search cz_grid_icon\"><\/i><\/div><\/a><div class=\"cz_grid_details cz_grid_details_outside\"><a class=\"cz_grid_title\" href=\"https:\/\/www.gmpcapital.tn\/en\/banque-africaine-developpement-rapport-croissance-economique-afrique\/\"><h3 class=\"cz_grid_post_title\">La Banque africaine de d\u00e9veloppement pr\u00e9sente un nouveau rapport qui met en lumi\u00e8re le renforcement de la croissance \u00e9conomique de l&#8217;Afrique dans un contexte mondial incertain<\/h3><\/a><\/div><\/div><\/div><div data-id=\"853\" class=\"cz_grid_item  cz_posts_list_odd 853 post-853 post type-post status-publish format-standard has-post-thumbnail hentry category-news\"><div class=\"clr\"><a class=\"cz_grid_link cz_grid_zoom_in\" href=\"https:\/\/www.gmpcapital.tn\/en\/afc-choisi-dix-valeurs-dans-son-portefeuille-de-predilection-pour-2025\/\" title=\"AFC choisi dix valeurs dans son portefeuille de pr\u00e9dilection pour 2025\"><img decoding=\"async\" width=\"480\" height=\"258\" src=\"https:\/\/www.gmpcapital.tn\/wp-content\/uploads\/2025\/02\/Image4.png\" class=\"attachment-codevz_600_600\" alt=\"Image4\" srcset=\"https:\/\/www.gmpcapital.tn\/wp-content\/uploads\/2025\/02\/Image4.png 480w, https:\/\/www.gmpcapital.tn\/wp-content\/uploads\/2025\/02\/Image4-300x161.png 300w\" sizes=\"auto, (max-width: 480px) 100vw, 480px\" loading=\"lazy\" \/><div class=\"cz_grid_details\"><i class=\"fa fa-search cz_grid_icon\"><\/i><\/div><\/a><div class=\"cz_grid_details cz_grid_details_outside\"><a class=\"cz_grid_title\" href=\"https:\/\/www.gmpcapital.tn\/en\/afc-choisi-dix-valeurs-dans-son-portefeuille-de-predilection-pour-2025\/\"><h3 class=\"cz_grid_post_title\">AFC choisi dix valeurs dans son portefeuille de pr\u00e9dilection pour 2025<\/h3><\/a><\/div><\/div><\/div><div data-id=\"848\" class=\"cz_grid_item  cz_posts_list_even 848 post-848 post type-post status-publish format-standard has-post-thumbnail hentry category-news\"><div class=\"clr\"><a class=\"cz_grid_link cz_grid_zoom_in\" href=\"https:\/\/www.gmpcapital.tn\/en\/la-tunisie-rembourse-un-mega-emprunt-en-un-seul-jour-ses-reserves-de-change-baissent-de-13\/\" title=\"La Tunisie rembourse un m\u00e9ga emprunt en un seul jour. Ses r\u00e9serves de change baissent de 13%\"><img decoding=\"async\" width=\"600\" height=\"334\" src=\"https:\/\/www.gmpcapital.tn\/wp-content\/uploads\/2025\/02\/Image3-600x334.jpg\" class=\"attachment-codevz_600_600\" alt=\"Image3\" srcset=\"https:\/\/www.gmpcapital.tn\/wp-content\/uploads\/2025\/02\/Image3-600x334.jpg 600w, https:\/\/www.gmpcapital.tn\/wp-content\/uploads\/2025\/02\/Image3-300x166.jpg 300w\" sizes=\"auto, (max-width: 600px) 100vw, 600px\" loading=\"lazy\" \/><div class=\"cz_grid_details\"><i class=\"fa fa-search cz_grid_icon\"><\/i><\/div><\/a><div class=\"cz_grid_details cz_grid_details_outside\"><a class=\"cz_grid_title\" href=\"https:\/\/www.gmpcapital.tn\/en\/la-tunisie-rembourse-un-mega-emprunt-en-un-seul-jour-ses-reserves-de-change-baissent-de-13\/\"><h3 class=\"cz_grid_post_title\">La Tunisie rembourse un m\u00e9ga emprunt en un seul jour. Ses r\u00e9serves de change baissent de 13%<\/h3><\/a><\/div><\/div><\/div><div data-id=\"843\" class=\"cz_grid_item  cz_posts_list_odd 843 post-843 post type-post status-publish format-standard has-post-thumbnail hentry category-news\"><div class=\"clr\"><a class=\"cz_grid_link cz_grid_zoom_in\" href=\"https:\/\/www.gmpcapital.tn\/en\/publication-des-seuils-des-taux-dinteret-excessifs-des-credits-au-titre-du-1er-semestre-2025\/\" title=\"Publication des seuils des taux d\u2019int\u00e9r\u00eat excessifs des cr\u00e9dits au titre du 1er semestre 2025\"><img decoding=\"async\" width=\"600\" height=\"355\" src=\"https:\/\/www.gmpcapital.tn\/wp-content\/uploads\/2025\/02\/Image2-600x355.jpg\" class=\"attachment-codevz_600_600\" alt=\"Image2\" loading=\"lazy\" \/><div class=\"cz_grid_details\"><i class=\"fa fa-search cz_grid_icon\"><\/i><\/div><\/a><div class=\"cz_grid_details cz_grid_details_outside\"><a class=\"cz_grid_title\" href=\"https:\/\/www.gmpcapital.tn\/en\/publication-des-seuils-des-taux-dinteret-excessifs-des-credits-au-titre-du-1er-semestre-2025\/\"><h3 class=\"cz_grid_post_title\">Publication des seuils des taux d\u2019int\u00e9r\u00eat excessifs des cr\u00e9dits au titre du 1er semestre 2025<\/h3><\/a><\/div><\/div><\/div><div data-id=\"837\" class=\"cz_grid_item  cz_posts_list_even 837 post-837 post type-post status-publish format-standard has-post-thumbnail hentry category-news\"><div class=\"clr\"><a class=\"cz_grid_link cz_grid_zoom_in\" href=\"https:\/\/www.gmpcapital.tn\/en\/la-plateforme-electronique-des-cheques-services-et-fonctionnalites\/\" title=\"La plateforme \u00e9lectronique des ch\u00e8ques : Services et fonctionnalit\u00e9s\"><img decoding=\"async\" width=\"600\" height=\"341\" src=\"https:\/\/www.gmpcapital.tn\/wp-content\/uploads\/2025\/02\/Image1.jpg\" class=\"attachment-codevz_600_600\" alt=\"Image1\" srcset=\"https:\/\/www.gmpcapital.tn\/wp-content\/uploads\/2025\/02\/Image1.jpg 600w, https:\/\/www.gmpcapital.tn\/wp-content\/uploads\/2025\/02\/Image1-300x171.jpg 300w\" sizes=\"auto, (max-width: 600px) 100vw, 600px\" loading=\"lazy\" \/><div class=\"cz_grid_details\"><i class=\"fa fa-search cz_grid_icon\"><\/i><\/div><\/a><div class=\"cz_grid_details cz_grid_details_outside\"><a class=\"cz_grid_title\" href=\"https:\/\/www.gmpcapital.tn\/en\/la-plateforme-electronique-des-cheques-services-et-fonctionnalites\/\"><h3 class=\"cz_grid_post_title\">La plateforme \u00e9lectronique des ch\u00e8ques : Services et fonctionnalit\u00e9s<\/h3><\/a><\/div><\/div><\/div><div data-id=\"665\" class=\"cz_grid_item  cz_posts_list_odd 665 post-665 post type-post status-publish format-standard has-post-thumbnail hentry category-actualites\"><div class=\"clr\"><a class=\"cz_grid_link cz_grid_zoom_in\" href=\"https:\/\/www.gmpcapital.tn\/en\/tunisie-la-banque-mondiale-prevoit-une-croissance-annuelle-de-12-pour-2024-et-de-23-en-2025-2026\/\" title=\"Tunisie : La Banque Mondiale pr\u00e9voit une croissance annuelle de 1,2 % pour 2024 et de 2,3% en 2025-2026\"><img decoding=\"async\" width=\"600\" height=\"352\" src=\"https:\/\/www.gmpcapital.tn\/wp-content\/uploads\/2024\/11\/Banques-tunisie.jpg\" class=\"attachment-codevz_600_600\" alt=\"Banques tunisie\" title=\"Banques-tunisie\" srcset=\"https:\/\/www.gmpcapital.tn\/wp-content\/uploads\/2024\/11\/Banques-tunisie.jpg 600w, https:\/\/www.gmpcapital.tn\/wp-content\/uploads\/2024\/11\/Banques-tunisie-300x176.jpg 300w\" sizes=\"auto, (max-width: 600px) 100vw, 600px\" loading=\"lazy\" \/><div class=\"cz_grid_details\"><i class=\"fa fa-search cz_grid_icon\"><\/i><\/div><\/a><div class=\"cz_grid_details cz_grid_details_outside\"><a class=\"cz_grid_title\" href=\"https:\/\/www.gmpcapital.tn\/en\/tunisie-la-banque-mondiale-prevoit-une-croissance-annuelle-de-12-pour-2024-et-de-23-en-2025-2026\/\"><h3 class=\"cz_grid_post_title\">Tunisie : La Banque Mondiale pr\u00e9voit une croissance annuelle de 1,2 % pour 2024 et de 2,3% en 2025-2026<\/h3><\/a><\/div><\/div><\/div><div data-id=\"667\" class=\"cz_grid_item  cz_posts_list_even 667 post-667 post type-post status-publish format-standard has-post-thumbnail hentry category-news\"><div class=\"clr\"><a class=\"cz_grid_link cz_grid_zoom_in\" href=\"https:\/\/www.gmpcapital.tn\/en\/les-ciments-de-bizerte-les-indicateurs-virent-au-rouge\/\" title=\"Les Ciments de Bizerte : Les indicateurs virent au rouge\"><img decoding=\"async\" width=\"600\" height=\"352\" src=\"https:\/\/www.gmpcapital.tn\/wp-content\/uploads\/2024\/11\/ciments-bizerte.jpg\" class=\"attachment-codevz_600_600\" alt=\"Ciments bizerte\" title=\"ciments-bizerte\" srcset=\"https:\/\/www.gmpcapital.tn\/wp-content\/uploads\/2024\/11\/ciments-bizerte.jpg 600w, https:\/\/www.gmpcapital.tn\/wp-content\/uploads\/2024\/11\/ciments-bizerte-300x176.jpg 300w\" sizes=\"auto, (max-width: 600px) 100vw, 600px\" loading=\"lazy\" \/><div class=\"cz_grid_details\"><i class=\"fa fa-search cz_grid_icon\"><\/i><\/div><\/a><div class=\"cz_grid_details cz_grid_details_outside\"><a class=\"cz_grid_title\" href=\"https:\/\/www.gmpcapital.tn\/en\/les-ciments-de-bizerte-les-indicateurs-virent-au-rouge\/\"><h3 class=\"cz_grid_post_title\">Les Ciments de Bizerte : Les indicateurs virent au rouge<\/h3><\/a><\/div><\/div><\/div><div data-id=\"659\" class=\"cz_grid_item  cz_posts_list_odd 659 post-659 post type-post status-publish format-standard has-post-thumbnail hentry category-actualites category-news\"><div class=\"clr\"><a class=\"cz_grid_link cz_grid_zoom_in\" href=\"https:\/\/www.gmpcapital.tn\/en\/cmf-demarrage-des-activites-de-gmp-capital\/\" title=\"CMF : d\u00e9marrage des activit\u00e9s de GMP Capital\"><img decoding=\"async\" width=\"600\" height=\"352\" src=\"https:\/\/www.gmpcapital.tn\/wp-content\/uploads\/2024\/10\/CMF-2.jpg\" class=\"attachment-codevz_600_600\" alt=\"CMF\" srcset=\"https:\/\/www.gmpcapital.tn\/wp-content\/uploads\/2024\/10\/CMF-2.jpg 600w, https:\/\/www.gmpcapital.tn\/wp-content\/uploads\/2024\/10\/CMF-2-300x176.jpg 300w\" sizes=\"auto, (max-width: 600px) 100vw, 600px\" loading=\"lazy\" \/><div class=\"cz_grid_details\"><i class=\"fa fa-search cz_grid_icon\"><\/i><\/div><\/a><div class=\"cz_grid_details cz_grid_details_outside\"><a class=\"cz_grid_title\" href=\"https:\/\/www.gmpcapital.tn\/en\/cmf-demarrage-des-activites-de-gmp-capital\/\"><h3 class=\"cz_grid_post_title\">CMF : d\u00e9marrage des activit\u00e9s de GMP Capital<\/h3><\/a><\/div><\/div><\/div><div data-id=\"662\" class=\"cz_grid_item  cz_posts_list_even 662 post-662 post type-post status-publish format-standard has-post-thumbnail hentry category-actualites category-news\"><div class=\"clr\"><a class=\"cz_grid_link cz_grid_zoom_in\" href=\"https:\/\/www.gmpcapital.tn\/en\/les-revenus-des-banques-cotees-depassent-5-milliards-de-dinars\/\" title=\"Les revenus des banques cot\u00e9es d\u00e9passent 5 Milliards de dinars\"><img decoding=\"async\" width=\"600\" height=\"352\" src=\"https:\/\/www.gmpcapital.tn\/wp-content\/uploads\/2024\/10\/banques-tunisie-1.jpg\" class=\"attachment-codevz_600_600\" alt=\"Banques tunisie\" title=\"banques-tunisie\" srcset=\"https:\/\/www.gmpcapital.tn\/wp-content\/uploads\/2024\/10\/banques-tunisie-1.jpg 600w, https:\/\/www.gmpcapital.tn\/wp-content\/uploads\/2024\/10\/banques-tunisie-1-300x176.jpg 300w\" sizes=\"auto, (max-width: 600px) 100vw, 600px\" loading=\"lazy\" \/><div class=\"cz_grid_details\"><i class=\"fa fa-search cz_grid_icon\"><\/i><\/div><\/a><div class=\"cz_grid_details cz_grid_details_outside\"><a class=\"cz_grid_title\" href=\"https:\/\/www.gmpcapital.tn\/en\/les-revenus-des-banques-cotees-depassent-5-milliards-de-dinars\/\"><h3 class=\"cz_grid_post_title\">Les revenus des banques cot\u00e9es d\u00e9passent 5 Milliards de dinars<\/h3><\/a><\/div><\/div><\/div><div data-id=\"656\" class=\"cz_grid_item  cz_posts_list_odd 656 post-656 post type-post status-publish format-standard has-post-thumbnail hentry category-actualites category-news\"><div class=\"clr\"><a class=\"cz_grid_link cz_grid_zoom_in\" href=\"https:\/\/www.gmpcapital.tn\/en\/les-avoirs-en-devises-de-la-tunisie-stagnent-a-110-jours-dimportation\/\" title=\"Les avoirs en devises de la Tunisie stagnent \u00e0 110 jours d\u2019importation\"><img decoding=\"async\" width=\"600\" height=\"352\" src=\"https:\/\/www.gmpcapital.tn\/wp-content\/uploads\/2024\/10\/avoirs-devises.jpg\" class=\"attachment-codevz_600_600\" alt=\"Avoirs devises\" title=\"avoirs-devises\" srcset=\"https:\/\/www.gmpcapital.tn\/wp-content\/uploads\/2024\/10\/avoirs-devises.jpg 600w, https:\/\/www.gmpcapital.tn\/wp-content\/uploads\/2024\/10\/avoirs-devises-300x176.jpg 300w\" sizes=\"auto, (max-width: 600px) 100vw, 600px\" loading=\"lazy\" \/><div class=\"cz_grid_details\"><i class=\"fa fa-search cz_grid_icon\"><\/i><\/div><\/a><div class=\"cz_grid_details cz_grid_details_outside\"><a class=\"cz_grid_title\" href=\"https:\/\/www.gmpcapital.tn\/en\/les-avoirs-en-devises-de-la-tunisie-stagnent-a-110-jours-dimportation\/\"><h3 class=\"cz_grid_post_title\">Les avoirs en devises de la Tunisie stagnent \u00e0 110 jours d\u2019importation<\/h3><\/a><\/div><\/div><\/div><\/div><\/div>[\/vc_column][\/vc_row]<\/p>\n<\/div>","protected":false},"excerpt":{"rendered":"<p>[vc_row el_class=&#8221;blog_section&#8221; css=&#8221;.vc_custom_1730797886936{padding-top: 0px !important;}&#8221;][vc_column][vc_column_text css_animation=&#8221;slideInUp&#8221; el_class=&#8221;h2_line center&#8221;] News and Updates &#8230; <a class=\"cz_readmore\" href=\"https:\/\/www.gmpcapital.tn\/en\/les-avoirs-en-devises-de-la-tunisie-stagnent-a-110-jours-dimportation\/\"><i class=\"fa fa-angle-right\" aria-hidden=\"true\"><\/i><span>Read More<\/span><\/a><\/p>\n","protected":false},"author":1,"featured_media":0,"parent":0,"menu_order":0,"comment_status":"closed","ping_status":"closed","template":"","meta":{"footnotes":""},"yst_prominent_words":[],"class_list":["post-557","page","type-page","status-publish","hentry"],"_links":{"self":[{"href":"https:\/\/www.gmpcapital.tn\/en\/wp-json\/wp\/v2\/pages\/557","targetHints":{"allow":["GET"]}}],"collection":[{"href":"https:\/\/www.gmpcapital.tn\/en\/wp-json\/wp\/v2\/pages"}],"about":[{"href":"https:\/\/www.gmpcapital.tn\/en\/wp-json\/wp\/v2\/types\/page"}],"author":[{"embeddable":true,"href":"https:\/\/www.gmpcapital.tn\/en\/wp-json\/wp\/v2\/users\/1"}],"replies":[{"embeddable":true,"href":"https:\/\/www.gmpcapital.tn\/en\/wp-json\/wp\/v2\/comments?post=557"}],"version-history":[{"count":3,"href":"https:\/\/www.gmpcapital.tn\/en\/wp-json\/wp\/v2\/pages\/557\/revisions"}],"predecessor-version":[{"id":708,"href":"https:\/\/www.gmpcapital.tn\/en\/wp-json\/wp\/v2\/pages\/557\/revisions\/708"}],"wp:attachment":[{"href":"https:\/\/www.gmpcapital.tn\/en\/wp-json\/wp\/v2\/media?parent=557"}],"wp:term":[{"taxonomy":"yst_prominent_words","embeddable":true,"href":"https:\/\/www.gmpcapital.tn\/en\/wp-json\/wp\/v2\/yst_prominent_words?post=557"}],"curies":[{"name":"wp","href":"https:\/\/api.w.org\/{rel}","templated":true}]}}